{"id":113,"date":"2019-09-23T12:31:59","date_gmt":"2019-09-23T10:31:59","guid":{"rendered":"https:\/\/www.ercbv.eu\/?page_id=113"},"modified":"2019-10-09T09:16:12","modified_gmt":"2019-10-09T07:16:12","slug":"artikelen","status":"publish","type":"page","link":"https:\/\/www.ercbv.eu\/nl\/artikelen\/","title":{"rendered":"Artikelen"},"content":{"rendered":"\n<p><strong><em>ZOLANG ONDERHOUD EEN TECHNISCHE VERANTWOORDELIJKHEID BLIJFT, WORDT VOORUITGANG BEPERKT.<\/em><\/strong><\/p>\n\n\n\n<p>We besteden in ons werk veel tijd aan het cre\u00ebren van besef. Dit blijkt nodig te zijn, omdat de industrie vaak traditioneel werkt. Middels deze serie artikelen hopen we bij te dragen aan het cre\u00ebren van besef.<\/p>\n\n\n\n<p>Een van de meest belangrijke zaken is dat onderhoud vooral <strong><em>NIET<\/em><\/strong> alleen het werk is van de TD. Onderhouden be\u00efnvloedt storingsgedrag. En dat heeft effect op kosten, veiligheid, milieu, stilstand, kwaliteit, &#8230; <\/p>\n\n\n\n<p>Storingsgedrag wordt maar voor 30% be\u00efnvloedt door technische installaties. 70% wordt be\u00efnvloedt de het personeel zelf. Dat besef cre\u00ebren kost tijd. <\/p>\n\n\n\n<p class=\"has-large-font-size\"><strong><em>Goed onderhoud onderhoudt storingsgedrag.<\/em><\/strong><\/p>\n\n\n\n<p>Middels deze artikelen willen we de discussie hierover stimuleren. Hieronder ziet u de artikelen die reeds gepubliceerd zijn.<\/p>\n","protected":false},"excerpt":{"rendered":"<p>ZOLANG ONDERHOUD EEN TECHNISCHE VERANTWOORDELIJKHEID BLIJFT, WORDT VOORUITGANG BEPERKT. We besteden in ons werk veel tijd aan het cre\u00ebren van besef. Dit blijkt nodig te zijn, omdat de industrie vaak [&hellip;]<\/p>\n","protected":false},"author":1,"featured_media":0,"parent":0,"menu_order":79,"comment_status":"closed","ping_status":"closed","template":"artikelen.php","meta":{"_acf_changed":false,"footnotes":""},"class_list":["post-113","page","type-page","status-publish","hentry"],"acf":[],"_links":{"self":[{"href":"https:\/\/www.ercbv.eu\/nl\/wp-json\/wp\/v2\/pages\/113","targetHints":{"allow":["GET"]}}],"collection":[{"href":"https:\/\/www.ercbv.eu\/nl\/wp-json\/wp\/v2\/pages"}],"about":[{"href":"https:\/\/www.ercbv.eu\/nl\/wp-json\/wp\/v2\/types\/page"}],"author":[{"embeddable":true,"href":"https:\/\/www.ercbv.eu\/nl\/wp-json\/wp\/v2\/users\/1"}],"replies":[{"embeddable":true,"href":"https:\/\/www.ercbv.eu\/nl\/wp-json\/wp\/v2\/comments?post=113"}],"version-history":[{"count":11,"href":"https:\/\/www.ercbv.eu\/nl\/wp-json\/wp\/v2\/pages\/113\/revisions"}],"predecessor-version":[{"id":368,"href":"https:\/\/www.ercbv.eu\/nl\/wp-json\/wp\/v2\/pages\/113\/revisions\/368"}],"wp:attachment":[{"href":"https:\/\/www.ercbv.eu\/nl\/wp-json\/wp\/v2\/media?parent=113"}],"curies":[{"name":"wp","href":"https:\/\/api.w.org\/{rel}","templated":true}]}}